{"id":43,"date":"2023-12-09T15:11:32","date_gmt":"2023-12-09T15:11:32","guid":{"rendered":"https:\/\/kaalund.net\/wordpress\/?page_id=43"},"modified":"2023-12-09T22:54:53","modified_gmt":"2023-12-09T22:54:53","slug":"vorstellungen","status":"publish","type":"page","link":"https:\/\/lostintechnology.de\/index.php\/vorstellungen\/","title":{"rendered":"Vorstellungen"},"content":{"rendered":"\n<h1 class=\"wp-block-heading\">Vorstellungen<\/h1>\n\n\n\n<p class=\"has-nv-dark-bg-color has-text-color has-link-color wp-elements-6fe5b9113348df972fd7e0d8e8f23285\">Ab 21. M\u00e4rz spielt Lost in Technology in <a href=\"https:\/\/www.kunstkulturquartier.de\/tafelhalle\" data-type=\"link\" data-id=\"https:\/\/www.kunstkulturquartier.de\/tafelhalle\" target=\"_blank\" rel=\"noreferrer noopener\">Tafelhalle N\u00fcrnberg<\/a>. Weitere Vorstellungen dort am 22.3, 24.3, 19.4. und 20.4. in 2024.<\/p>\n\n\n\n<p class=\"has-nv-dark-bg-color has-text-color has-link-color wp-elements-05cde3e84d36267c40c04cc4fa08b52f\">Am 14.10.2023 und 9.11.2023 wurde Lost in Technology bei \u00f6ffentlichen Werkschauen in der <a href=\"https:\/\/tanzzentrale.de\/\">Tanzzentrale <\/a>in F\u00fcrth pr\u00e4sentiert.<\/p>\n\n\n\n<p class=\"has-nv-dark-bg-color has-text-color has-link-color wp-elements-81c09e64f45ecbfdbd5bfd27baf8e617\">Einen Ausschnitt wurde bei der offene Pr\u00e4sentationsplattform f\u00fcr Tanz &#8220;Raw &amp; Polished&#8221; am 15.10.2023  in der <a href=\"https:\/\/tanzzentrale.de\/\">Tanzzentrale<\/a> in F\u00fcrth pr\u00e4sentiert.<\/p>\n\n\n\n<p class=\"has-nv-dark-bg-color has-text-color has-link-color wp-elements-7f8fb34a184ffe74b9ed2c87d8c451d7\">Foto-Eindr\u00fccke von den bisherigen Werkschauen gibt es unter Galerie.<\/p>\n\n\n\n<p> <\/p>\n","protected":false},"excerpt":{"rendered":"<p>Vorstellungen Ab 21. M\u00e4rz spielt Lost in Technology in Tafelhalle N\u00fcrnberg. Weitere Vorstellungen dort am 22.3, 24.3, 19.4. und 20.4. in 2024. Am 14.10.2023 und 9.11.2023 wurde Lost in Technology bei \u00f6ffentlichen Werkschauen in der Tanzzentrale in F\u00fcrth pr\u00e4sentiert. Einen Ausschnitt wurde bei der offene Pr\u00e4sentationsplattform f\u00fcr Tanz &#8220;Raw &amp; Polished&#8221; am 15.10.2023 in der&hellip;&nbsp;<a href=\"https:\/\/lostintechnology.de\/index.php\/vorstellungen\/\" class=\"\" rel=\"bookmark\">Read More &raquo;<span class=\"screen-reader-text\">Vorstellungen<\/span><\/a><\/p>\n","protected":false},"author":1,"featured_media":0,"parent":0,"menu_order":0,"comment_status":"closed","ping_status":"closed","template":"","meta":{"neve_meta_sidebar":"","neve_meta_container":"","neve_meta_enable_content_width":"on","neve_meta_content_width":100,"neve_meta_title_alignment":"","neve_meta_author_avatar":"","neve_post_elements_order":"","neve_meta_disable_header":"","neve_meta_disable_footer":"","neve_meta_disable_title":"on","footnotes":""},"class_list":["post-43","page","type-page","status-publish","hentry"],"jetpack_sharing_enabled":true,"_links":{"self":[{"href":"https:\/\/lostintechnology.de\/index.php\/wp-json\/wp\/v2\/pages\/43","targetHints":{"allow":["GET"]}}],"collection":[{"href":"https:\/\/lostintechnology.de\/index.php\/wp-json\/wp\/v2\/pages"}],"about":[{"href":"https:\/\/lostintechnology.de\/index.php\/wp-json\/wp\/v2\/types\/page"}],"author":[{"embeddable":true,"href":"https:\/\/lostintechnology.de\/index.php\/wp-json\/wp\/v2\/users\/1"}],"replies":[{"embeddable":true,"href":"https:\/\/lostintechnology.de\/index.php\/wp-json\/wp\/v2\/comments?post=43"}],"version-history":[{"count":6,"href":"https:\/\/lostintechnology.de\/index.php\/wp-json\/wp\/v2\/pages\/43\/revisions"}],"predecessor-version":[{"id":128,"href":"https:\/\/lostintechnology.de\/index.php\/wp-json\/wp\/v2\/pages\/43\/revisions\/128"}],"wp:attachment":[{"href":"https:\/\/lostintechnology.de\/index.php\/wp-json\/wp\/v2\/media?parent=43"}],"curies":[{"name":"wp","href":"https:\/\/api.w.org\/{rel}","templated":true}]}}